{"id":199,"date":"2024-03-27T13:53:12","date_gmt":"2024-03-27T13:53:12","guid":{"rendered":"https:\/\/www.revizeelektro.com\/?page_id=199"},"modified":"2026-04-15T07:44:28","modified_gmt":"2026-04-15T07:44:28","slug":"urceni-vnejsich-vlivu","status":"publish","type":"page","link":"https:\/\/www.revizeelektro.com\/en\/urceni-vnejsich-vlivu\/","title":{"rendered":"Determination of external influences"},"content":{"rendered":"<p>[et_pb_section fb_built=&#8220;1&#8243; admin_label=&#8220;About Us Section&#8220; _builder_version=&#8220;4.24.2&#8243; background_image=&#8220;https:\/\/www.revizeelektro.com\/wp-content\/uploads\/2024\/04\/pexels-johannes-plenio-1118873-scaled.jpg&#8220; background_position=&#8220;bottom_center&#8220; custom_margin=&#8220;|0%||0%|false|false&#8220; custom_margin_tablet=&#8220;&#8220; custom_margin_phone=&#8220;|0px||0px&#8220; custom_margin_last_edited=&#8220;on|phone&#8220; custom_padding=&#8220;8%||40px||false|false&#8220; animation_style=&#8220;zoom&#8220; animation_direction=&#8220;top&#8220; animation_intensity_zoom=&#8220;5%&#8220; box_shadow_style=&#8220;preset7&#8243; box_shadow_horizontal=&#8220;0px&#8220; box_shadow_vertical=&#8220;-200px&#8220; box_shadow_color=&#8220;#ffffff&#8220; global_colors_info=&#8220;{}&#8220;][et_pb_row admin_label=&#8220;About Us Area&#8220; _builder_version=&#8220;4.16&#8243; background_size=&#8220;initial&#8220; background_position=&#8220;top_left&#8220; background_repeat=&#8220;repeat&#8220; custom_padding=&#8220;27px|0px|0px|0px&#8220; global_colors_info=&#8220;{}&#8220;][et_pb_column type=&#8220;4_4&#8243; _builder_version=&#8220;4.16&#8243; custom_padding=&#8220;|||&#8220; global_colors_info=&#8220;{}&#8220; custom_padding__hover=&#8220;|||&#8220;][et_pb_text admin_label=&#8220;Title&#8220; _builder_version=&#8220;4.24.3&#8243; text_font=&#8220;Montserrat||||||||&#8220; text_text_color=&#8220;#747d88&#8243; text_line_height=&#8220;1.9em&#8220; header_font=&#8220;||||||||&#8220; header_text_align=&#8220;left&#8220; header_2_font=&#8220;Montserrat|700||on|||||&#8220; header_2_font_size=&#8220;32px&#8220; header_2_line_height=&#8220;1.3em&#8220; background_color=&#8220;#f7f7f7&#8243; background_size=&#8220;initial&#8220; background_position=&#8220;top_left&#8220; background_repeat=&#8220;repeat&#8220; max_width=&#8220;700px&#8220; module_alignment=&#8220;left&#8220; custom_margin=&#8220;|||&#8220; custom_padding=&#8220;10%|10%|10%|10%&#8220; animation_style=&#8220;slide&#8220; animation_direction=&#8220;bottom&#8220; animation_intensity_slide=&#8220;4%&#8220; animation_starting_opacity=&#8220;100%&#8220; border_radii=&#8220;on|40px|40px|40px|40px&#8220; box_shadow_style=&#8220;preset1&#8243; box_shadow_vertical=&#8220;15px&#8220; box_shadow_blur=&#8220;45px&#8220; box_shadow_color=&#8220;rgba(0,0,0,0.15)&#8220; locked=&#8220;off&#8220; global_colors_info=&#8220;{}&#8220;]<\/p>\n<h2>Determination of external influences<\/h2>\n<p>This involves the development of a protocol where external environmental influences will be determined depending on the safe operation of electrical equipment.<\/p>\n<p>[\/et_pb_text][\/et_pb_column][\/et_pb_row][\/et_pb_section][et_pb_section fb_built=&#8220;1&#8243; _builder_version=&#8220;4.24.2&#8243; _module_preset=&#8220;default&#8220; custom_padding=&#8220;3px|||||&#8220; animation_style=&#8220;zoom&#8220; animation_direction=&#8220;bottom&#8220; animation_intensity_zoom=&#8220;5%&#8220; locked=&#8220;off&#8220; global_colors_info=&#8220;{}&#8220;][et_pb_row _builder_version=&#8220;4.24.3&#8243; _module_preset=&#8220;default&#8220; border_color_bottom=&#8220;rgba(91,91,91,0.4)&#8220; global_colors_info=&#8220;{}&#8220;][et_pb_column type=&#8220;4_4&#8243; _builder_version=&#8220;4.24.3&#8243; _module_preset=&#8220;default&#8220; global_colors_info=&#8220;{}&#8220;][et_pb_text _builder_version=&#8220;4.24.3&#8243; _module_preset=&#8220;default&#8220; text_font=&#8220;Montserrat||||||||&#8220; text_text_color=&#8220;#747d88&#8243; text_line_height=&#8220;1.8em&#8220; global_colors_info=&#8220;{}&#8220;]<\/p>\n<p style=\"text-align: left;\"><span style=\"font-size: 16px;\">Currently, it is essential for an electrical equipment inspection technician to have two key documents available for conducting an inspection. This is the project documentation of electrical equipment and a protocol on the determination of external influences. The requirements are set primarily by the regulation of the government of the Czech Republic, specifically NV No. 190\/2022 Coll. Without these two documents, it is not possible to carry out a revision check. The inspection technician must verify whether the electrical installation is in accordance with the project documentation and determination of effects, which is stipulated in particular in section 7 of the aforementioned government regulation. If you do not have these documents, there are ways to find them. You can look for them in your archive or at the building office, where it is possible to obtain copies of these documents. If you don't succeed even there, the only option is to have the documents drawn up based on the actual execution and determination of the effects. If you need, we are ready to prepare and secure these documents for you. Just send us your questions by e-mail and after obtaining the necessary information about the required scope, we will prepare a price offer and we can start the implementation. By creating these two documents, as required by the aforementioned law, you will have peace of mind in the future.<\/span><\/p>\n<p>[\/et_pb_text][\/et_pb_column][\/et_pb_row][\/et_pb_section][et_pb_section fb_built=&#8220;1&#8243; admin_label=&#8220;Contact Form Section&#8220; _builder_version=&#8220;4.16&#8243; background_color=&#8220;#fcd21d&#8220; custom_padding=&#8220;40px||68px|||&#8220; animation_style=&#8220;zoom&#8220; animation_direction=&#8220;bottom&#8220; animation_intensity_zoom=&#8220;10%&#8220; saved_tabs=&#8220;all&#8220; locked=&#8220;off&#8220; global_colors_info=&#8220;{}&#8220;][et_pb_row admin_label=&#8220;Service Section Title&#8220; _builder_version=&#8220;4.24.2&#8243; custom_margin=&#8220;|auto|-2px|auto||&#8220; animation_style=&#8220;fade&#8220; animation_direction=&#8220;top&#8220; locked=&#8220;off&#8220; global_colors_info=&#8220;{}&#8220;][et_pb_column type=&#8220;4_4&#8243; _builder_version=&#8220;4.16&#8243; custom_padding=&#8220;|||&#8220; global_colors_info=&#8220;{}&#8220; custom_padding__hover=&#8220;|||&#8220;][et_pb_text admin_label=&#8220;Title&#8220; _builder_version=&#8220;4.24.3&#8243; text_font=&#8220;Montserrat||||||||&#8220; text_text_color=&#8220;#747d88&#8243; text_line_height=&#8220;1.9em&#8220; header_font=&#8220;||||||||&#8220; header_2_font=&#8220;Montserrat|700||on|||||&#8220; header_2_font_size=&#8220;32px&#8220; header_2_line_height=&#8220;1.4em&#8220; background_size=&#8220;initial&#8220; background_position=&#8220;top_left&#8220; background_repeat=&#8220;repeat&#8220; text_orientation=&#8220;center&#8220; max_width=&#8220;700px&#8220; module_alignment=&#8220;center&#8220; animation_style=&#8220;slide&#8220; animation_direction=&#8220;bottom&#8220; animation_intensity_slide=&#8220;4%&#8220; global_colors_info=&#8220;{}&#8220;]<\/p>\n<h2>INQUIRY <span style=\"color: #fff;\">FORM<\/span><\/h2>\n<p>[\/et_pb_text][\/et_pb_column][\/et_pb_row][et_pb_row column_structure=&#8220;3_5,2_5&#8243; admin_label=&#8220;Contact Form&#8220; _builder_version=&#8220;4.24.2&#8243; animation_style=&#8220;fade&#8220; border_color_all=&#8220;#FFFFFF&#8220; global_colors_info=&#8220;{}&#8220;][et_pb_column type=&#8220;3_5&#8243; _builder_version=&#8220;4.16&#8243; custom_padding=&#8220;|||&#8220; global_colors_info=&#8220;{}&#8220; custom_padding__hover=&#8220;|||&#8220;][et_pb_contact_form email=&#8220;info@revizeelektro.com&#8220; custom_message=&#8220;Zanech\u00e1n\u00ed kontaktu p\u0159es webov\u00e9 str\u00e1nky.||et_pb_line_break_holder||||et_pb_line_break_holder||Jm\u00e9no: %%Name%%||et_pb_line_break_holder||Email: %%Email%%||et_pb_line_break_holder||Telefon: %%Telefon%%||et_pb_line_break_holder||||et_pb_line_break_holder||M\u00e1m z\u00e1jem o: %%Poptavka%%&#8220; success_message=&#8220;Zpr\u00e1va byla \u00fasp\u011b\u0161n\u011b odesl\u00e1na. B\u011bhem n\u00e1sleduj\u00edc\u00edch 2 dn\u016f V\u00e1s budeme kontaktovat. D\u011bkujeme&#8220; submit_button_text=&#8220;Odeslat&#8220; module_id=&#8220;et_pb_contact_form_0&#8243; _builder_version=&#8220;4.24.3&#8243; form_field_background_color=&#8220;rgba(255,255,255,0)&#8220; form_field_text_color=&#8220;#353740&#8243; form_field_font=&#8220;Montserrat|500|||||||&#8220; form_field_font_size=&#8220;16px&#8220; form_field_line_height=&#8220;1.6em&#8220; custom_button=&#8220;on&#8220; button_text_size=&#8220;16px&#8220; button_text_color=&#8220;#ffffff&#8220; button_border_width=&#8220;5px&#8220; button_border_color=&#8220;#ffffff&#8220; button_border_radius=&#8220;100px&#8220; button_letter_spacing=&#8220;2px&#8220; button_font=&#8220;Montserrat|on||on|&#8220; button_icon=&#8220;&#x45;||divi||400&#8243; button_icon_color=&#8220;#8e3100&#8243; max_width=&#8220;800px&#8220; module_alignment=&#8220;center&#8220; animation_style=&#8220;fade&#8220; box_shadow_style=&#8220;preset7&#8243; box_shadow_horizontal=&#8220;0px&#8220; box_shadow_vertical=&#8220;-1px&#8220; box_shadow_color=&#8220;rgba(0,0,0,0.18)&#8220; form_background_color=&#8220;rgba(255,255,255,0)&#8220; global_colors_info=&#8220;{}&#8220; button_text_color__hover_enabled=&#8220;on|hover&#8220; button_text_color__hover=&#8220;#8e3100&#8243; button_border_color__hover_enabled=&#8220;on|hover&#8220; button_border_color__hover=&#8220;#8e3100&#8243; form_field_focus_text_color__hover_enabled=&#8220;on|hover&#8220;][et_pb_contact_field field_id=&#8220;Name&#8220; field_title=&#8220;Jm\u00e9no&#8220; fullwidth_field=&#8220;on&#8220; _builder_version=&#8220;4.24.2&#8243; global_colors_info=&#8220;{}&#8220; button_text_size__hover_enabled=&#8220;off&#8220; button_one_text_size__hover_enabled=&#8220;off&#8220; button_two_text_size__hover_enabled=&#8220;off&#8220; button_text_color__hover_enabled=&#8220;off&#8220; button_one_text_color__hover_enabled=&#8220;off&#8220; button_two_text_color__hover_enabled=&#8220;off&#8220; button_border_width__hover_enabled=&#8220;off&#8220; button_one_border_width__hover_enabled=&#8220;off&#8220; button_two_border_width__hover_enabled=&#8220;off&#8220; button_border_color__hover_enabled=&#8220;off&#8220; button_one_border_color__hover_enabled=&#8220;off&#8220; button_two_border_color__hover_enabled=&#8220;off&#8220; button_border_radius__hover_enabled=&#8220;off&#8220; button_one_border_radius__hover_enabled=&#8220;off&#8220; button_two_border_radius__hover_enabled=&#8220;off&#8220; button_letter_spacing__hover_enabled=&#8220;off&#8220; button_one_letter_spacing__hover_enabled=&#8220;off&#8220; button_two_letter_spacing__hover_enabled=&#8220;off&#8220; button_bg_color__hover_enabled=&#8220;off&#8220; button_one_bg_color__hover_enabled=&#8220;off&#8220; button_two_bg_color__hover_enabled=&#8220;off&#8220;][\/et_pb_contact_field][et_pb_contact_field field_id=&#8220;Email&#8220; field_title=&#8220;Email &#8220; field_type=&#8220;email&#8220; fullwidth_field=&#8220;on&#8220; _builder_version=&#8220;4.24.2&#8243; global_colors_info=&#8220;{}&#8220; button_text_size__hover_enabled=&#8220;off&#8220; button_one_text_size__hover_enabled=&#8220;off&#8220; button_two_text_size__hover_enabled=&#8220;off&#8220; button_text_color__hover_enabled=&#8220;off&#8220; button_one_text_color__hover_enabled=&#8220;off&#8220; button_two_text_color__hover_enabled=&#8220;off&#8220; button_border_width__hover_enabled=&#8220;off&#8220; button_one_border_width__hover_enabled=&#8220;off&#8220; button_two_border_width__hover_enabled=&#8220;off&#8220; button_border_color__hover_enabled=&#8220;off&#8220; button_one_border_color__hover_enabled=&#8220;off&#8220; button_two_border_color__hover_enabled=&#8220;off&#8220; button_border_radius__hover_enabled=&#8220;off&#8220; button_one_border_radius__hover_enabled=&#8220;off&#8220; button_two_border_radius__hover_enabled=&#8220;off&#8220; button_letter_spacing__hover_enabled=&#8220;off&#8220; button_one_letter_spacing__hover_enabled=&#8220;off&#8220; button_two_letter_spacing__hover_enabled=&#8220;off&#8220; button_bg_color__hover_enabled=&#8220;off&#8220; button_one_bg_color__hover_enabled=&#8220;off&#8220; button_two_bg_color__hover_enabled=&#8220;off&#8220;][\/et_pb_contact_field][et_pb_contact_field field_id=&#8220;Telefon&#8220; field_title=&#8220;Telefon&#8220; fullwidth_field=&#8220;on&#8220; _builder_version=&#8220;4.24.2&#8243; _module_preset=&#8220;default&#8220; global_colors_info=&#8220;{}&#8220;][\/et_pb_contact_field][et_pb_contact_field field_id=&#8220;Poptavka&#8220; field_title=&#8220;M\u00e1m z\u00e1jem o:&#8220; field_type=&#8220;checkbox&#8220; checkbox_options=&#8220;%91{%22value%22:%22Elektro opravy%22,%22checked%22:0,%22dragID%22:-1},{%22value%22:%22Revize%22,%22checked%22:0,%22dragID%22:0},{%22value%22:%22Elektroinstalace%22,%22checked%22:0,%22dragID%22:2},{%22value%22:%22Ur\u010den\u00ed vn\u011bj\u0161\u00edch vliv\u016f%22,%22checked%22:1,%22dragID%22:3}%93&#8243; required_mark=&#8220;off&#8220; fullwidth_field=&#8220;on&#8220; _builder_version=&#8220;4.24.3&#8243; _module_preset=&#8220;default&#8220; form_field_background_color=&#8220;rgba(255,255,255,0)&#8220; form_field_focus_text_color=&#8220;#8e3100&#8243; global_colors_info=&#8220;{}&#8220; form_field_text_color__hover_enabled=&#8220;on|hover&#8220; form_field_text_color__hover=&#8220;#8e3100&#8243;][\/et_pb_contact_field][\/et_pb_contact_form][\/et_pb_column][et_pb_column type=&#8220;2_5&#8243; _builder_version=&#8220;4.24.2&#8243; background_color=&#8220;rgba(255,255,255,0.87)&#8220; custom_padding=&#8220;5%|2px|5%|2px|false|false&#8220; border_radii=&#8220;on|40px|40px|40px|40px&#8220; box_shadow_style=&#8220;preset1&#8243; box_shadow_color=&#8220;rgba(0,0,0,0.26)&#8220; global_colors_info=&#8220;{}&#8220; custom_padding__hover=&#8220;|||&#8220;][et_pb_blurb use_icon=&#8220;on&#8220; font_icon=&#8220;&#xf3cd;||fa||900&#8243; icon_color=&#8220;#fcd21d&#8220; image_icon_width=&#8220;48px&#8220; title_tablet=&#8220;&#8220; title_phone=&#8220;&#8220; title_last_edited=&#8220;on|desktop&#8220; _builder_version=&#8220;4.24.3&#8243; header_font=&#8220;Montserrat|on|||&#8220; header_text_color=&#8220;#353740&#8243; header_font_size=&#8220;22px&#8220; header_line_height=&#8220;1.4em&#8220; body_font=&#8220;Montserrat||||&#8220; body_text_color=&#8220;#747d88&#8243; body_line_height=&#8220;1.8em&#8220; text_orientation=&#8220;center&#8220; animation_style=&#8220;fade&#8220; animation_direction=&#8220;bottom&#8220; hover_enabled=&#8220;0&#8243; icon_font_size=&#8220;48px&#8220; global_colors_info=&#8220;{}&#8220; content__hover_enabled=&#8220;on|hover&#8220; content__hover=&#8220;<\/p>\n<h3 style=\"%22text-align:\" center;%22><a href=\"\/en\/%22Tel:+420\/\" 731346452%22>+420 731 346 452<\/a><\/h3>\n<p>&#8220; sticky_enabled=&#8220;0&#8243; locked=&#8220;off&#8220;]<\/p>\n<h3><a href=\"Tel:+420731346452\">+420 731 346 452<\/a><\/h3>\n<p>[\/et_pb_blurb][et_pb_blurb use_icon=&#8220;on&#8220; font_icon=&#8220;&#xe010;||divi||400&#8243; image_icon_width=&#8220;48px&#8220; _builder_version=&#8220;4.24.2&#8243; header_font=&#8220;Montserrat|on|||&#8220; header_text_color=&#8220;#353740&#8243; header_font_size=&#8220;22px&#8220; header_line_height=&#8220;1.4em&#8220; body_font=&#8220;Montserrat||||&#8220; body_text_color=&#8220;#747d88&#8243; body_line_height=&#8220;1.8em&#8220; text_orientation=&#8220;center&#8220; animation_style=&#8220;fade&#8220; animation_direction=&#8220;bottom&#8220; icon_font_size=&#8220;48px&#8220; locked=&#8220;off&#8220; global_colors_info=&#8220;{}&#8220; content__hover_enabled=&#8220;on|hover&#8220; content__hover=&#8220;<\/p>\n<h3><span style=\"%22color:\" #993300;%22><a href=\"\/en\/%22mailto:Email:%20info@revizeelektrotech.cz%22\/\" style=\"%22color:\" #993300;%22>info@revizeelektro.com<\/a><\/span><\/h3>\n<p>&#8222;]<\/p>\n<h3><a href=\"mailto:Email:%20info@revizeelektro.com\">info@revizeelektro.com<\/a><\/h3>\n<p>[\/et_pb_blurb][\/et_pb_column][\/et_pb_row][\/et_pb_section]<\/p>","protected":false},"excerpt":{"rendered":"<p>Ur\u010den\u00ed vn\u011bj\u0161\u00edch vliv\u016f Jedn\u00e1 se o vypracov\u00e1n\u00ed protokolu, kde budou ur\u010deny vn\u011bj\u0161\u00ed vlivy prost\u0159ed\u00ed v z\u00e1vislosti na bezpe\u010dn\u00fd provoz elektrick\u00e9ho za\u0159\u00edzen\u00ed.V sou\u010dasn\u00e9 dob\u011b je pro revizn\u00edho technika elektrick\u00fdch za\u0159\u00edzen\u00ed nezbytn\u00e9 m\u00edt k dispozici dva kl\u00ed\u010dov\u00e9 dokumenty pro proveden\u00ed revize. Jedn\u00e1 se o projektovou dokumentaci elektrick\u00fdch za\u0159\u00edzen\u00ed a protokol o ur\u010den\u00ed vn\u011bj\u0161\u00edch vliv\u016f. Po\u017eadavky jsou stanoveny [&hellip;]<\/p>","protected":false},"author":1,"featured_media":0,"parent":0,"menu_order":0,"comment_status":"closed","ping_status":"closed","template":"","meta":{"_et_pb_use_builder":"on","_et_pb_old_content":"","_et_gb_content_width":"","_monsterinsights_skip_tracking":false,"_monsterinsights_sitenote_active":false,"_monsterinsights_sitenote_note":"","_monsterinsights_sitenote_category":0,"_themeisle_gutenberg_block_has_review":false,"footnotes":""},"yoast_head":"<!-- This site is optimized with the Yoast SEO plugin v23.1 - https:\/\/yoast.com\/wordpress\/plugins\/seo\/ -->\n<title>Ur\u010den\u00ed vn\u011bj\u0161\u00edch vliv\u016f - Revize Elektro<\/title>\n<meta name=\"robots\" content=\"index, follow, max-snippet:-1, max-image-preview:large, max-video-preview:-1\" \/>\n<link rel=\"canonical\" href=\"https:\/\/www.revizeelektro.com\/en\/urceni-vnejsich-vlivu\/\" \/>\n<meta property=\"og:locale\" content=\"en_US\" \/>\n<meta property=\"og:type\" content=\"article\" \/>\n<meta property=\"og:title\" content=\"Ur\u010den\u00ed vn\u011bj\u0161\u00edch vliv\u016f - Revize Elektro\" \/>\n<meta property=\"og:description\" content=\"Ur\u010den\u00ed vn\u011bj\u0161\u00edch vliv\u016f Jedn\u00e1 se o vypracov\u00e1n\u00ed protokolu, kde budou ur\u010deny vn\u011bj\u0161\u00ed vlivy prost\u0159ed\u00ed v z\u00e1vislosti na bezpe\u010dn\u00fd provoz elektrick\u00e9ho za\u0159\u00edzen\u00ed.V sou\u010dasn\u00e9 dob\u011b je pro revizn\u00edho technika elektrick\u00fdch za\u0159\u00edzen\u00ed nezbytn\u00e9 m\u00edt k dispozici dva kl\u00ed\u010dov\u00e9 dokumenty pro proveden\u00ed revize. Jedn\u00e1 se o projektovou dokumentaci elektrick\u00fdch za\u0159\u00edzen\u00ed a protokol o ur\u010den\u00ed vn\u011bj\u0161\u00edch vliv\u016f. Po\u017eadavky jsou stanoveny [&hellip;]\" \/>\n<meta property=\"og:url\" content=\"https:\/\/www.revizeelektro.com\/en\/urceni-vnejsich-vlivu\/\" \/>\n<meta property=\"og:site_name\" content=\"Revize Elektro\" \/>\n<meta property=\"article:modified_time\" content=\"2026-04-15T07:44:28+00:00\" \/>\n<meta name=\"twitter:card\" content=\"summary_large_image\" \/>\n<meta name=\"twitter:label1\" content=\"Est. reading time\" \/>\n\t<meta name=\"twitter:data1\" content=\"2 minutes\" \/>\n<script type=\"application\/ld+json\" class=\"yoast-schema-graph\">{\"@context\":\"https:\/\/schema.org\",\"@graph\":[{\"@type\":\"WebPage\",\"@id\":\"https:\/\/www.revizeelektro.com\/urceni-vnejsich-vlivu\/\",\"url\":\"https:\/\/www.revizeelektro.com\/urceni-vnejsich-vlivu\/\",\"name\":\"Ur\u010den\u00ed vn\u011bj\u0161\u00edch vliv\u016f - Revize Elektro\",\"isPartOf\":{\"@id\":\"https:\/\/www.revizeelektro.com\/#website\"},\"datePublished\":\"2024-03-27T13:53:12+00:00\",\"dateModified\":\"2026-04-15T07:44:28+00:00\",\"breadcrumb\":{\"@id\":\"https:\/\/www.revizeelektro.com\/urceni-vnejsich-vlivu\/#breadcrumb\"},\"inLanguage\":\"en-US\",\"potentialAction\":[{\"@type\":\"ReadAction\",\"target\":[\"https:\/\/www.revizeelektro.com\/urceni-vnejsich-vlivu\/\"]}]},{\"@type\":\"BreadcrumbList\",\"@id\":\"https:\/\/www.revizeelektro.com\/urceni-vnejsich-vlivu\/#breadcrumb\",\"itemListElement\":[{\"@type\":\"ListItem\",\"position\":1,\"name\":\"Home\",\"item\":\"https:\/\/www.revizeelektro.com\/\"},{\"@type\":\"ListItem\",\"position\":2,\"name\":\"Ur\u010den\u00ed vn\u011bj\u0161\u00edch vliv\u016f\"}]},{\"@type\":\"WebSite\",\"@id\":\"https:\/\/www.revizeelektro.com\/#website\",\"url\":\"https:\/\/www.revizeelektro.com\/\",\"name\":\"Revize Elektro\",\"description\":\"\",\"potentialAction\":[{\"@type\":\"SearchAction\",\"target\":{\"@type\":\"EntryPoint\",\"urlTemplate\":\"https:\/\/www.revizeelektro.com\/?s={search_term_string}\"},\"query-input\":\"required name=search_term_string\"}],\"inLanguage\":\"en-US\"}]}<\/script>\n<!-- \/ Yoast SEO plugin. -->","yoast_head_json":{"title":"Ur\u010den\u00ed vn\u011bj\u0161\u00edch vliv\u016f - Revize Elektro","robots":{"index":"index","follow":"follow","max-snippet":"max-snippet:-1","max-image-preview":"max-image-preview:large","max-video-preview":"max-video-preview:-1"},"canonical":"https:\/\/www.revizeelektro.com\/en\/urceni-vnejsich-vlivu\/","og_locale":"en_US","og_type":"article","og_title":"Ur\u010den\u00ed vn\u011bj\u0161\u00edch vliv\u016f - Revize Elektro","og_description":"Ur\u010den\u00ed vn\u011bj\u0161\u00edch vliv\u016f Jedn\u00e1 se o vypracov\u00e1n\u00ed protokolu, kde budou ur\u010deny vn\u011bj\u0161\u00ed vlivy prost\u0159ed\u00ed v z\u00e1vislosti na bezpe\u010dn\u00fd provoz elektrick\u00e9ho za\u0159\u00edzen\u00ed.V sou\u010dasn\u00e9 dob\u011b je pro revizn\u00edho technika elektrick\u00fdch za\u0159\u00edzen\u00ed nezbytn\u00e9 m\u00edt k dispozici dva kl\u00ed\u010dov\u00e9 dokumenty pro proveden\u00ed revize. Jedn\u00e1 se o projektovou dokumentaci elektrick\u00fdch za\u0159\u00edzen\u00ed a protokol o ur\u010den\u00ed vn\u011bj\u0161\u00edch vliv\u016f. Po\u017eadavky jsou stanoveny [&hellip;]","og_url":"https:\/\/www.revizeelektro.com\/en\/urceni-vnejsich-vlivu\/","og_site_name":"Revize Elektro","article_modified_time":"2026-04-15T07:44:28+00:00","twitter_card":"summary_large_image","twitter_misc":{"Est. reading time":"2 minutes"},"schema":{"@context":"https:\/\/schema.org","@graph":[{"@type":"WebPage","@id":"https:\/\/www.revizeelektro.com\/urceni-vnejsich-vlivu\/","url":"https:\/\/www.revizeelektro.com\/urceni-vnejsich-vlivu\/","name":"Ur\u010den\u00ed vn\u011bj\u0161\u00edch vliv\u016f - Revize Elektro","isPartOf":{"@id":"https:\/\/www.revizeelektro.com\/#website"},"datePublished":"2024-03-27T13:53:12+00:00","dateModified":"2026-04-15T07:44:28+00:00","breadcrumb":{"@id":"https:\/\/www.revizeelektro.com\/urceni-vnejsich-vlivu\/#breadcrumb"},"inLanguage":"en-US","potentialAction":[{"@type":"ReadAction","target":["https:\/\/www.revizeelektro.com\/urceni-vnejsich-vlivu\/"]}]},{"@type":"BreadcrumbList","@id":"https:\/\/www.revizeelektro.com\/urceni-vnejsich-vlivu\/#breadcrumb","itemListElement":[{"@type":"ListItem","position":1,"name":"Home","item":"https:\/\/www.revizeelektro.com\/"},{"@type":"ListItem","position":2,"name":"Ur\u010den\u00ed vn\u011bj\u0161\u00edch vliv\u016f"}]},{"@type":"WebSite","@id":"https:\/\/www.revizeelektro.com\/#website","url":"https:\/\/www.revizeelektro.com\/","name":"Revize Elektro","description":"","potentialAction":[{"@type":"SearchAction","target":{"@type":"EntryPoint","urlTemplate":"https:\/\/www.revizeelektro.com\/?s={search_term_string}"},"query-input":"required name=search_term_string"}],"inLanguage":"en-US"}]}},"_links":{"self":[{"href":"https:\/\/www.revizeelektro.com\/en\/wp-json\/wp\/v2\/pages\/199"}],"collection":[{"href":"https:\/\/www.revizeelektro.com\/en\/wp-json\/wp\/v2\/pages"}],"about":[{"href":"https:\/\/www.revizeelektro.com\/en\/wp-json\/wp\/v2\/types\/page"}],"author":[{"embeddable":true,"href":"https:\/\/www.revizeelektro.com\/en\/wp-json\/wp\/v2\/users\/1"}],"replies":[{"embeddable":true,"href":"https:\/\/www.revizeelektro.com\/en\/wp-json\/wp\/v2\/comments?post=199"}],"version-history":[{"count":6,"href":"https:\/\/www.revizeelektro.com\/en\/wp-json\/wp\/v2\/pages\/199\/revisions"}],"predecessor-version":[{"id":5477,"href":"https:\/\/www.revizeelektro.com\/en\/wp-json\/wp\/v2\/pages\/199\/revisions\/5477"}],"wp:attachment":[{"href":"https:\/\/www.revizeelektro.com\/en\/wp-json\/wp\/v2\/media?parent=199"}],"curies":[{"name":"wp","href":"https:\/\/api.w.org\/{rel}","templated":true}]}}